{"id":97,"date":"2022-12-31T17:51:12","date_gmt":"2022-12-31T16:51:12","guid":{"rendered":"https:\/\/nubianauthorities.archeologia.uw.edu.pl\/?page_id=97"},"modified":"2024-12-29T21:20:14","modified_gmt":"2024-12-29T20:20:14","slug":"publications-conferences","status":"publish","type":"page","link":"https:\/\/nubianauthorities.archeologia.uw.edu.pl\/index.php\/publications-conferences\/","title":{"rendered":"Publications &#038; conferences"},"content":{"rendered":"\r\n<p><strong>Presentations at conferences and workshops:<\/strong><\/p>\r\n<p>Karel Innem\u00e9e, Adam \u0141ajtar, Grzegorz Ocha\u0142a, Magdalena Wo\u017aniak, Dobrochna Zieli\u0144ska, Costumes of Authority. The Image of Royalty and Clergy in Christian Nubia. The annual <a href=\"http:\/\/polacynadnilem.uw.edu.pl\/wp-content\/uploads\/sites\/381\/2024\/06\/PnN-2024-program.pdf\"><em>Poles on the Nile<\/em> archaeological conference<\/a>, 19\u201321 June 2024, University of Warsaw.<\/p>\r\n<p>Karel Innem\u00e9e, <i>God, King, and Church; the driving powers behind Nubian society.<\/i> The Sudan Archaeological Research Society\u2019s annual<a href=\"https:\/\/egyptcentrecollectionblog.blogspot.com\/2024\/05\/sudan-in-swansea.html\"> <i>W.Y. Adams Colloquium: Sudan Past &amp; Present<\/i>, 25 May 2024 at Swansea University<\/a>, UK.<\/p>\r\n<p>\u00a0Dobrochna Zieli\u0144ska (UW): Holy Mothers of the Nile Valley. Indigenous traditions in transition during the late antique and early Byzantine period, <a href=\"https:\/\/lateantiqueseminar.historia.uw.edu.pl\/11-i-dobrochna-zielinska-uw-holy-mothers-of-the-nile-valley-indigenous-traditions-in-transition-during-the-late-antique-and-early-byzantine-period\/\">Prof. Ewa Wipszycka Late Antique seminars, 11 January 2024,<\/a> University of Warsaw.<\/p>\r\n<p>Dobrochna Zieli\u0144ska, <em>Body politic vs. body natural. A case of expression of indigenous identity of Nubian rulers, <a href=\"https:\/\/archeo-orient.idub.uw.edu.pl\/wp-content\/uploads\/sites\/95\/2023\/10\/SeminariumAOS_DZ_Abstrakt.pdf\">Archeo-Oriental studies seminars<\/a>, <\/em>9 October 2023, University of Warsaw.<\/p>\r\n<p>Karel Innem\u00e9e, <em>Dress to impress: Nubian royalty and clergy in their finest outfits<\/em>. The annual <a href=\"http:\/\/polacynadnilem.uw.edu.pl\/wp-content\/uploads\/sites\/381\/2023\/06\/PnN-2023-program.pdf\"><em>Poles on the Nile<\/em> archaeological conference<\/a>, 21\u201323 June 2023, University of Warsaw.<\/p>\r\n<p>Magdalena Wo\u017aniak, <em>Royal apparition: snapshots from medieval Sudan.<\/em> international workshop<a href=\"https:\/\/euroweb.uw.edu.pl\/news\/members-and-research\/international-euroweb-workshop-making-wearing-displaying-textiles-and-the-body-programme-now-available\/\"><em> Making, Wearing, Displaying: Textiles and the Body in Pre-Modern Societie<\/em>s<\/a> <span style=\"font-weight: 400;\">was organised by the EuroWeb COST Action and hosted in Lisbon, 3-5 May 2023.<\/span><\/p>\r\n<hr \/>\r\n\r\n\r\n<p><strong>As for now you can find informations in the following publications:<\/strong><\/p>\r\n\r\n\r\n\r\n<p>Innem\u00e9e, K.C. 1992. Ecclesiastical Dress in the Medieval Near East, Leiden.<\/p>\r\n\r\n\r\n\r\n<p>Innem\u00e9e, K.C. 2016. \u2018Monks and bishops in Old Dongola and what their costumes can tell us\u2019, in: A. \u0141ajtar, A. Ob\u0142uski, I. Zych (eds), Aegyptus et Nubia Christiana. The W\u0142odzimierz Godlewski Jubilee Volume on the Occasion of his 70th Birthday, Warsaw, 411-434.<\/p>\r\n\r\n\r\n\r\n<p>Wo\u017aniak M.M., 2018. \u2018Costume and Identity: The miniature of Ms Or. Quart. 1020 (Berlin,<br \/>Staatsbibliothek)\u2019 in Honegger M. (ed), Nubian Archaeology in the XXIst Century. Proceedings of the Thirteenth International Conference for Nubian Studies, Neuch\u00e2tel, 1st-6th September 2014, Peeters, Leuven-Paris-Bristol, 625-630.<\/p>\r\n\r\n\r\n\r\n<p>&nbsp;<\/p>\r\n\r\n\r\n\r\n<p>&nbsp;<\/p>\r\n","protected":false},"excerpt":{"rendered":"<p>Presentations at conferences and workshops: Karel Innem\u00e9e, Adam \u0141ajtar, Grzegorz Ocha\u0142a, Magdalena Wo\u017aniak, Dobrochna Zieli\u0144ska, Costumes of Authority. The Image of Royalty and Clergy in Christian Nubia. The annual Poles on the Nile archaeological conference, 19\u201321 June 2024, University of &hellip; <a href=\"https:\/\/nubianauthorities.archeologia.uw.edu.pl\/index.php\/publications-conferences\/\">Czytaj dalej <span class=\"meta-nav\">&rarr;<\/span><\/a><\/p>\n","protected":false},"author":2,"featured_media":0,"parent":0,"menu_order":0,"comment_status":"closed","ping_status":"closed","template":"","meta":{"footnotes":""},"_links":{"self":[{"href":"https:\/\/nubianauthorities.archeologia.uw.edu.pl\/index.php\/wp-json\/wp\/v2\/pages\/97"}],"collection":[{"href":"https:\/\/nubianauthorities.archeologia.uw.edu.pl\/index.php\/wp-json\/wp\/v2\/pages"}],"about":[{"href":"https:\/\/nubianauthorities.archeologia.uw.edu.pl\/index.php\/wp-json\/wp\/v2\/types\/page"}],"author":[{"embeddable":true,"href":"https:\/\/nubianauthorities.archeologia.uw.edu.pl\/index.php\/wp-json\/wp\/v2\/users\/2"}],"replies":[{"embeddable":true,"href":"https:\/\/nubianauthorities.archeologia.uw.edu.pl\/index.php\/wp-json\/wp\/v2\/comments?post=97"}],"version-history":[{"count":12,"href":"https:\/\/nubianauthorities.archeologia.uw.edu.pl\/index.php\/wp-json\/wp\/v2\/pages\/97\/revisions"}],"predecessor-version":[{"id":363,"href":"https:\/\/nubianauthorities.archeologia.uw.edu.pl\/index.php\/wp-json\/wp\/v2\/pages\/97\/revisions\/363"}],"wp:attachment":[{"href":"https:\/\/nubianauthorities.archeologia.uw.edu.pl\/index.php\/wp-json\/wp\/v2\/media?parent=97"}],"curies":[{"name":"wp","href":"https:\/\/api.w.org\/{rel}","templated":true}]}}